{"id":47,"date":"2013-12-03T15:30:51","date_gmt":"2013-12-03T15:30:51","guid":{"rendered":"http:\/\/fmtgenerator.com\/genset\/?page_id=47"},"modified":"2018-06-26T08:39:54","modified_gmt":"2018-06-26T08:39:54","slug":"contact","status":"publish","type":"page","link":"http:\/\/fmtgenerator.com\/genset\/contact\/","title":{"rendered":"Contact"},"content":{"rendered":"[wpgmza id=&#8221;1&#8243;]\n<h3>Albania<\/h3>\n<div>\n<h4>Central Office<\/h4>\n<div>Address: Highway Tiran\u00eb-Durr\u00ebs Km 2, M\u00ebzez, Kashar<\/div>\n<div>E-mail:\u00a0<a href=\"mailto:info@fmtgroup.al\">info@fmtgroup.al<\/a><\/div>\n<div>Telephone: +355 42 2407475 \/ 6<\/div>\n<div>Fax: +355 42 364479<\/div>\n<div>Mobile Phone: +355 69 20 64458<\/div>\n<\/div>\n<div><\/div>\n<h3>Kosovo<\/h3>\n<div>Address: Str. Magjitralja Prishtine \u2013 Kosove \/ Prishtine<\/div>\n<div>Telephone: +377 44400460<\/div>\n<div>Fax: +377 454 60065<\/div>\n<div><\/div>\n<h3>Montenegro<\/h3>\n<div>Address: St. Tuzi BB \u2013 Podgorica<\/div>\n<div>Telephone: +38269027811<\/div>\n<div><\/div>\n<div><\/div>\n<h3>Turkey<\/h3>\n<div>Str. Rio de Jenario No:052D5 Atakoy 3 Bakirkoy \/ Istanbul<\/div>\n<div>Telephone: 00905325034100 \/ 00905322738222<\/div>\n<div>\n<p>&nbsp;<\/p>\n<\/div>\n<div>\n<h2>FMT GROUP Owner Center<\/h2>\n<div>\n<p>For questions about managing your product on fmtgroup.al:<br \/>\n+355 42 2407475 \/ 6<br \/>\nMonday \u2013 Friday: 8 a.m. to 9 p.m.<br \/>\nSaturday &amp; Sunday: Closed<\/p>\n<\/div>\n<\/div>\n","protected":false},"excerpt":{"rendered":"<p>[wpgmza id=&#8221;1&#8243;] Albania Central Office Address: Highway Tiran\u00eb-Durr\u00ebs Km 2, M\u00ebzez, Kashar E-mail:\u00a0info@fmtgroup.al Telephone: +355 42 2407475 \/ 6 Fax: +355 42 364479 Mobile Phone: +355 69 20 64458 Kosovo Address: Str. Magjitralja Prishtine \u2013 Kosove \/ Prishtine Telephone: +377 44400460 Fax: +377 454 60065 Montenegro Address: St. Tuzi BB \u2013 Podgorica Telephone: +38269027811 Turkey [&hellip;]<\/p>\n","protected":false},"author":1,"featured_media":0,"parent":0,"menu_order":0,"comment_status":"open","ping_status":"open","template":"","meta":[],"_links":{"self":[{"href":"http:\/\/fmtgenerator.com\/genset\/wp-json\/wp\/v2\/pages\/47"}],"collection":[{"href":"http:\/\/fmtgenerator.com\/genset\/wp-json\/wp\/v2\/pages"}],"about":[{"href":"http:\/\/fmtgenerator.com\/genset\/wp-json\/wp\/v2\/types\/page"}],"author":[{"embeddable":true,"href":"http:\/\/fmtgenerator.com\/genset\/wp-json\/wp\/v2\/users\/1"}],"replies":[{"embeddable":true,"href":"http:\/\/fmtgenerator.com\/genset\/wp-json\/wp\/v2\/comments?post=47"}],"version-history":[{"count":10,"href":"http:\/\/fmtgenerator.com\/genset\/wp-json\/wp\/v2\/pages\/47\/revisions"}],"predecessor-version":[{"id":906,"href":"http:\/\/fmtgenerator.com\/genset\/wp-json\/wp\/v2\/pages\/47\/revisions\/906"}],"wp:attachment":[{"href":"http:\/\/fmtgenerator.com\/genset\/wp-json\/wp\/v2\/media?parent=47"}],"curies":[{"name":"wp","href":"https:\/\/api.w.org\/{rel}","templated":true}]}}